{"id":9,"date":"2024-09-11T22:25:19","date_gmt":"2024-09-12T01:25:19","guid":{"rendered":"https:\/\/peresadvocacia.com.br\/?page_id=9"},"modified":"2024-09-20T17:51:36","modified_gmt":"2024-09-20T20:51:36","slug":"pagina-inicial","status":"publish","type":"page","link":"https:\/\/peresadvocacia.com.br\/","title":{"rendered":"Home"},"content":{"rendered":"\t\t<div data-elementor-type=\"wp-page\" data-elementor-id=\"9\" class=\"elementor elementor-9\">\n\t\t\t\t<div class=\"elementor-element elementor-element-38c8167 e-con-full e-flex e-con e-parent\" data-id=\"38c8167\" data-element_type=\"container\" data-settings=\"{&quot;background_background&quot;:&quot;classic&quot;}\">\n\t\t<div class=\"elementor-element elementor-element-64e38c0 e-con-full e-flex e-con e-child\" data-id=\"64e38c0\" data-element_type=\"container\">\n\t\t<div class=\"elementor-element elementor-element-76d8a65 e-con-full e-flex e-con e-child\" data-id=\"76d8a65\" data-element_type=\"container\">\n\t\t\t\t<div class=\"elementor-element elementor-element-f387a9c elementor-widget elementor-widget-aux_modern_heading\" data-id=\"f387a9c\" data-element_type=\"widget\" data-widget_type=\"aux_modern_heading.default\">\n\t\t\t\t<div class=\"elementor-widget-container\">\n\t\t\t<section class=\"aux-widget-modern-heading\">\n            <div class=\"aux-widget-inner\"><h2 class=\"aux-modern-heading-primary\">Consultoria Jur\u00eddica Especializada<\/h2><h3 class=\"aux-modern-heading-secondary\"><span class=\"aux-head-before\">Solu\u00e7\u00f5es modernas e atualizadas, afim de se alcan\u00e7ar os melhores e mais eficientes resultados para os seus clientes<\/span><\/h3><div class=\"aux-modern-heading-description\"><p>Fale com o nosso time tenha seu direito garantido com excel\u00eancia, compet\u00eancia, profissionalismo e cordialidade.<\/p><\/div><\/div>\n        <\/section>\t\t<\/div>\n\t\t\t\t<\/div>\n\t\t<div class=\"elementor-element elementor-element-7d09a1f e-con-full e-flex e-con e-child\" data-id=\"7d09a1f\" data-element_type=\"container\">\n\t\t<div class=\"elementor-element elementor-element-671287d e-con-full e-flex e-con e-child\" data-id=\"671287d\" data-element_type=\"container\">\n\t\t\t\t<div class=\"elementor-element elementor-element-229ad27 elementor-widget__width-auto aux-appear-watch-animation aux-fade-in-left elementor-widget elementor-widget-aux_modern_button\" data-id=\"229ad27\" data-element_type=\"widget\" data-widget_type=\"aux_modern_button.default\">\n\t\t\t\t<div class=\"elementor-widget-container\">\n\t\t\t    <div class=\"aux-modern-button-wrapper aux-modern-button-align-\" >\n                    <a class=\"aux-modern-button aux-black aux-modern-button-md aux-modern-button-normal aux-modern-button-default aux-icon-left\" href=\"https:\/\/api.whatsapp.com\/send?phone=5571991146718\" target=\"_blank\">\n                <div class=\"aux-overlay\"><\/div>\n                                    <div class=\"aux-icon \">\n                        <i aria-hidden=\"true\" class=\"auxicon auxicon-whatsapp\"><\/i>                    <\/div>\n                                <div class=\"aux-text\">\n<span class=\"aux-text-before\">Entrar em contato<\/span>                <\/div>\n            <\/a>\n            \n    <\/div>\n\n    \t\t<\/div>\n\t\t\t\t<\/div>\n\t\t\t\t<\/div>\n\t\t\t\t<\/div>\n\t\t\t\t<\/div>\n\t\t\t\t<\/div>\n\t\t\t\t<\/div>\n\t\t<div class=\"elementor-element elementor-element-bc46e25 e-con-full e-flex e-con e-parent\" data-id=\"bc46e25\" data-element_type=\"container\">\n\t\t\t\t<div class=\"elementor-element elementor-element-8e06a88 aux-appear-watch-animation aux-fade-in elementor-widget elementor-widget-aux_modern_heading\" data-id=\"8e06a88\" data-element_type=\"widget\" data-widget_type=\"aux_modern_heading.default\">\n\t\t\t\t<div class=\"elementor-widget-container\">\n\t\t\t<section class=\"aux-widget-modern-heading\">\n            <div class=\"aux-widget-inner\"><div class=\"aux-modern-heading-divider\"><\/div><h2 class=\"aux-modern-heading-primary\">Nossos servi\u00e7os<\/h2><h3 class=\"aux-modern-heading-secondary\"><span class=\"aux-head-before\">\u00c1reas de atua\u00e7\u00e3o<\/span><\/h3><\/div>\n        <\/section>\t\t<\/div>\n\t\t\t\t<\/div>\n\t\t\t\t<\/div>\n\t\t\t\t<section class=\"elementor-section elementor-top-section elementor-element elementor-element-0adbffd elementor-section-full_width elementor-section-height-default elementor-section-height-default\" data-id=\"0adbffd\" data-element_type=\"section\">\n\t\t\t\t\t\t<div class=\"elementor-container elementor-column-gap-default\">\n\t\t\t\t\t<div class=\"aux-parallax-section elementor-column elementor-col-25 elementor-top-column elementor-element elementor-element-7253086\" data-id=\"7253086\" data-element_type=\"column\">\n\t\t\t<div class=\"elementor-widget-wrap elementor-element-populated\">\n\t\t\t\t\t\t<div class=\"elementor-element elementor-element-64174b1 aux-appear-watch-animation aux-fade-in-right-1 elementor-widget elementor-widget-image-box\" data-id=\"64174b1\" data-element_type=\"widget\" data-widget_type=\"image-box.default\">\n\t\t\t\t<div class=\"elementor-widget-container\">\n\t\t\t<div class=\"elementor-image-box-wrapper\"><div class=\"elementor-image-box-content\"><h3 class=\"elementor-image-box-title\">Direito Banc\u00e1rio<\/h3><p class=\"elementor-image-box-description\">Fraude pix - Empr\u00e9stimo consignado - Revis\u00e3o de juros de contrato de empr\u00e9stimo - RMC - Reserva de Margem Consider\u00e1vel - RCC - Reserva de Cart\u00e3o Consignado<\/p><\/div><\/div>\t\t<\/div>\n\t\t\t\t<\/div>\n\t\t\t\t\t<\/div>\n\t\t<\/div>\n\t\t\t\t<div class=\"aux-parallax-section elementor-column elementor-col-25 elementor-top-column elementor-element elementor-element-781c70d\" data-id=\"781c70d\" data-element_type=\"column\">\n\t\t\t<div class=\"elementor-widget-wrap elementor-element-populated\">\n\t\t\t\t\t\t<div class=\"elementor-element elementor-element-a9a1df6 aux-appear-watch-animation aux-fade-in-right-1 elementor-widget elementor-widget-image-box\" data-id=\"a9a1df6\" data-element_type=\"widget\" data-widget_type=\"image-box.default\">\n\t\t\t\t<div class=\"elementor-widget-container\">\n\t\t\t<div class=\"elementor-image-box-wrapper\"><div class=\"elementor-image-box-content\"><h3 class=\"elementor-image-box-title\">Direito Civil<\/h3><p class=\"elementor-image-box-description\">Prestamos assessoria em quest\u00f5es relacionadas a contratos, responsabilidade civil, sucess\u00f5es e outros conflitos que fazem parte da vida civil.<\/p><\/div><\/div>\t\t<\/div>\n\t\t\t\t<\/div>\n\t\t\t\t\t<\/div>\n\t\t<\/div>\n\t\t\t\t<div class=\"aux-parallax-section elementor-column elementor-col-25 elementor-top-column elementor-element elementor-element-f87ebe5\" data-id=\"f87ebe5\" data-element_type=\"column\">\n\t\t\t<div class=\"elementor-widget-wrap elementor-element-populated\">\n\t\t\t\t\t\t<div class=\"elementor-element elementor-element-bb7077d aux-appear-watch-animation aux-fade-in-right-1 elementor-widget elementor-widget-image-box\" data-id=\"bb7077d\" data-element_type=\"widget\" data-widget_type=\"image-box.default\">\n\t\t\t\t<div class=\"elementor-widget-container\">\n\t\t\t<div class=\"elementor-image-box-wrapper\"><div class=\"elementor-image-box-content\"><h3 class=\"elementor-image-box-title\">Direito previdenci\u00e1rio<\/h3><p class=\"elementor-image-box-description\">Acompanhamos processos de aposentadoria, BPC\/LOAS, revis\u00f5es de benef\u00edcios e a\u00e7\u00f5es contra o INSS, buscando assegurar seus direitos \u00e0 previd\u00eancia.<\/p><\/div><\/div>\t\t<\/div>\n\t\t\t\t<\/div>\n\t\t\t\t\t<\/div>\n\t\t<\/div>\n\t\t\t\t<div class=\"aux-parallax-section elementor-column elementor-col-25 elementor-top-column elementor-element elementor-element-4e3f3ac\" data-id=\"4e3f3ac\" data-element_type=\"column\">\n\t\t\t<div class=\"elementor-widget-wrap elementor-element-populated\">\n\t\t\t\t\t\t<div class=\"elementor-element elementor-element-d8febf1 aux-appear-watch-animation aux-fade-in-right-1 elementor-widget elementor-widget-image-box\" data-id=\"d8febf1\" data-element_type=\"widget\" data-widget_type=\"image-box.default\">\n\t\t\t\t<div class=\"elementor-widget-container\">\n\t\t\t<div class=\"elementor-image-box-wrapper\"><div class=\"elementor-image-box-content\"><h3 class=\"elementor-image-box-title\">Direito Criminal<\/h3><p class=\"elementor-image-box-description\">Pris\u00e3o em flagrante (Plant\u00e3o 24h) - Audi\u00eancia de cust\u00f3dia - Atua\u00e7\u00e3o em inqu\u00e9rito policial e processo criminal - Tribunal do Juri - Progress\u00e3o de regime - Livramento condicional - Recursos e Habeas Corpus - Lei de drogas - Revis\u00e3o criminal<\/p><\/div><\/div>\t\t<\/div>\n\t\t\t\t<\/div>\n\t\t\t\t\t<\/div>\n\t\t<\/div>\n\t\t\t\t\t<\/div>\n\t\t<\/section>\n\t\t<div class=\"elementor-element elementor-element-8aed56e e-con-full e-flex e-con e-parent\" data-id=\"8aed56e\" data-element_type=\"container\">\n\t\t<div class=\"elementor-element elementor-element-50b0a6e e-con-full e-flex e-con e-child\" data-id=\"50b0a6e\" data-element_type=\"container\">\n\t\t\t\t<div class=\"elementor-element elementor-element-2f6329e aux-appear-watch-animation aux-fade-in-up-1 elementor-widget elementor-widget-aux_modern_heading\" data-id=\"2f6329e\" data-element_type=\"widget\" data-widget_type=\"aux_modern_heading.default\">\n\t\t\t\t<div class=\"elementor-widget-container\">\n\t\t\t<section class=\"aux-widget-modern-heading\">\n            <div class=\"aux-widget-inner\"><p class=\"aux-modern-heading-primary\">NOSSO ESCRIT\u00d3RIO<\/p><h4 class=\"aux-modern-heading-secondary\"><span class=\"aux-head-before\">Alexandro Peres<\/span><\/h4><div class=\"aux-modern-heading-divider\"><\/div><div class=\"aux-modern-heading-description\"><p>No escrit\u00f3rio Alexandro Peres, estamos comprometidos em fornecer servi\u00e7os jur\u00eddicos de alta qualidade e solu\u00e7\u00f5es personalizadas para atender \u00e0s necessidades de nossos clientes. Com uma equipe de advogados experientes e dedicados, atuamos em diversas \u00e1reas do direito, oferecendo uma abordagem abrangente e estrat\u00e9gica para resolver quest\u00f5es legais complexas.<\/p><\/div><\/div>\n        <\/section>\t\t<\/div>\n\t\t\t\t<\/div>\n\t\t<div class=\"elementor-element elementor-element-6792e63 e-con-full e-flex e-con e-child\" data-id=\"6792e63\" data-element_type=\"container\">\n\t\t<div class=\"elementor-element elementor-element-8fed3b8 e-con-full e-flex e-con e-child\" data-id=\"8fed3b8\" data-element_type=\"container\">\n\t\t\t\t<div class=\"elementor-element elementor-element-0835164 elementor-widget__width-auto aux-appear-watch-animation aux-fade-in-left elementor-widget elementor-widget-aux_modern_button\" data-id=\"0835164\" data-element_type=\"widget\" data-widget_type=\"aux_modern_button.default\">\n\t\t\t\t<div class=\"elementor-widget-container\">\n\t\t\t    <div class=\"aux-modern-button-wrapper aux-modern-button-align-\" >\n                    <a class=\"aux-modern-button aux-black aux-modern-button-md aux-modern-button-normal aux-modern-button-default aux-icon-left\" href=\"https:\/\/api.whatsapp.com\/send?phone=5571991146718\" target=\"_blank\">\n                <div class=\"aux-overlay\"><\/div>\n                                    <div class=\"aux-icon \">\n                        <i aria-hidden=\"true\" class=\"auxicon auxicon-whatsapp\"><\/i>                    <\/div>\n                                <div class=\"aux-text\">\n<span class=\"aux-text-before\">Entrar em contato<\/span>                <\/div>\n            <\/a>\n            \n    <\/div>\n\n    \t\t<\/div>\n\t\t\t\t<\/div>\n\t\t\t\t<\/div>\n\t\t\t\t<\/div>\n\t\t\t\t<\/div>\n\t\t<div class=\"elementor-element elementor-element-7bad7da e-con-full e-flex e-con e-child\" data-id=\"7bad7da\" data-element_type=\"container\">\n\t\t\t\t<div class=\"elementor-element elementor-element-0de5f6f elementor-widget elementor-widget-aux_image\" data-id=\"0de5f6f\" data-element_type=\"widget\" data-widget_type=\"aux_image.default\">\n\t\t\t\t<div class=\"elementor-widget-container\">\n\t\t\t<section class=\"widget-container aux-widget-image aux-alignnone aux-parent-au293fb7d3\">\n    <div class=\"aux-media-hint-frame \">\n        <div class=\"aux-media-image \" >\n        \n            \n\n            \n            <img fetchpriority=\"high\" decoding=\"async\" width=\"410\" height=\"481\" src=\"data:image\/gif;base64,R0lGODlhAQABAIAAAAAAAP\/\/\/yH5BAEAAAAALAAAAAABAAEAAAIBRAA7\" class=\"aux-attachment aux-featured-image aux-attachment-id-85 aux-preload aux-blank\" alt=\"advogado.jpg\" data-ratio=\"0.77\" data-original-w=\"474\" sizes=\"auto\" data-srcset=\"https:\/\/peresadvocacia.com.br\/wp-content\/uploads\/2024\/09\/advogado-150x195.jpg 150w,https:\/\/peresadvocacia.com.br\/wp-content\/uploads\/2024\/09\/advogado-300x391.jpg 300w,https:\/\/peresadvocacia.com.br\/wp-content\/uploads\/2024\/09\/advogado-410x534.jpg 410w\" data-src=\"https:\/\/peresadvocacia.com.br\/wp-content\/uploads\/2024\/09\/advogado-410x534.jpg\" \/>            \n                <\/div>\n    <\/div>\n\n<\/section><!-- widget-container -->\t\t<\/div>\n\t\t\t\t<\/div>\n\t\t\t\t<\/div>\n\t\t<div class=\"elementor-element elementor-element-69896a3 e-con-full e-flex e-con e-child\" data-id=\"69896a3\" data-element_type=\"container\">\n\t\t\t\t<div class=\"elementor-element elementor-element-1d9f46f aux-appear-watch-animation aux-scale-down elementor-widget elementor-widget-aux_image\" data-id=\"1d9f46f\" data-element_type=\"widget\" data-widget_type=\"aux_image.default\">\n\t\t\t\t<div class=\"elementor-widget-container\">\n\t\t\t<section class=\"widget-container aux-widget-image aux-alignnone aux-parent-au63199a0c\">\n    <div class=\"aux-media-hint-frame \">\n        <div class=\"aux-media-image \" >\n        \n            \n\n            \n            <img decoding=\"async\" width=\"838\" height=\"1088\" src=\"data:image\/gif;base64,R0lGODlhAQABAIAAAAAAAP\/\/\/yH5BAEAAAAALAAAAAABAAEAAAIBRAA7\" class=\"aux-attachment aux-featured-image aux-attachment-id-86 aux-preload aux-blank\" alt=\"advocacia.jpg\" data-ratio=\"0.77\" data-original-w=\"838\" data-src=\"https:\/\/peresadvocacia.com.br\/wp-content\/uploads\/2024\/09\/advocacia.jpg\" \/>            \n                <\/div>\n    <\/div>\n\n<\/section><!-- widget-container -->\t\t<\/div>\n\t\t\t\t<\/div>\n\t\t\t\t<\/div>\n\t\t\t\t<\/div>\n\t\t<div class=\"elementor-element elementor-element-2c95309 e-con-full e-flex e-con e-parent\" data-id=\"2c95309\" data-element_type=\"container\">\n\t\t\t\t<div class=\"elementor-element elementor-element-abb3690 elementor-widget elementor-widget-html\" data-id=\"abb3690\" data-element_type=\"widget\" data-widget_type=\"html.default\">\n\t\t\t\t<div class=\"elementor-widget-container\">\n\t\t\t<iframe src=\"https:\/\/www.google.com\/maps\/embed?pb=!1m14!1m8!1m3!1d15551.207936866162!2d-38.4514238!3d-12.9845134!3m2!1i1024!2i768!4f13.1!3m3!1m2!1s0x7161ba7c43799bf%3A0xc9c8c58b946bd3f2!2sTK%20Tower!5e0!3m2!1spt-BR!2sbr!4v1726105710847!5m2!1spt-BR!2sbr\" width=\"100%\" height=\"450\" style=\"border:0;\" allowfullscreen=\"\" loading=\"lazy\" referrerpolicy=\"no-referrer-when-downgrade\"><\/iframe>\t\t<\/div>\n\t\t\t\t<\/div>\n\t\t\t\t<\/div>\n\t\t\t\t<\/div>\n\t\t","protected":false},"excerpt":{"rendered":"<p>Consultoria Jur\u00eddica Especializada Solu\u00e7\u00f5es modernas e atualizadas, afim de se alcan\u00e7ar os melhores e mais eficientes resultados para os seus clientes Fale com o nosso time tenha seu direito garantido com excel\u00eancia, compet\u00eancia, profissionalismo e cordialidade. Entrar em contato Nossos servi\u00e7os \u00c1reas de atua\u00e7\u00e3o Direito Banc\u00e1rio Fraude pix &#8211; Empr\u00e9stimo consignado &#8211; Revis\u00e3o de juros [&hellip;]<\/p>\n","protected":false},"author":1,"featured_media":0,"parent":0,"menu_order":0,"comment_status":"closed","ping_status":"closed","template":"","meta":{"footnotes":""},"class_list":["post-9","page","type-page","status-publish","hentry"],"_links":{"self":[{"href":"https:\/\/peresadvocacia.com.br\/index.php\/wp-json\/wp\/v2\/pages\/9","targetHints":{"allow":["GET"]}}],"collection":[{"href":"https:\/\/peresadvocacia.com.br\/index.php\/wp-json\/wp\/v2\/pages"}],"about":[{"href":"https:\/\/peresadvocacia.com.br\/index.php\/wp-json\/wp\/v2\/types\/page"}],"author":[{"embeddable":true,"href":"https:\/\/peresadvocacia.com.br\/index.php\/wp-json\/wp\/v2\/users\/1"}],"replies":[{"embeddable":true,"href":"https:\/\/peresadvocacia.com.br\/index.php\/wp-json\/wp\/v2\/comments?post=9"}],"version-history":[{"count":50,"href":"https:\/\/peresadvocacia.com.br\/index.php\/wp-json\/wp\/v2\/pages\/9\/revisions"}],"predecessor-version":[{"id":121,"href":"https:\/\/peresadvocacia.com.br\/index.php\/wp-json\/wp\/v2\/pages\/9\/revisions\/121"}],"wp:attachment":[{"href":"https:\/\/peresadvocacia.com.br\/index.php\/wp-json\/wp\/v2\/media?parent=9"}],"curies":[{"name":"wp","href":"https:\/\/api.w.org\/{rel}","templated":true}]}}